{"id":7206,"date":"2018-05-27T17:49:42","date_gmt":"2018-05-27T17:49:42","guid":{"rendered":"http:\/\/54.74.199.164\/?post_type=product&#038;p=7206"},"modified":"2024-06-02T13:53:31","modified_gmt":"2024-06-02T13:53:31","slug":"asv-ba","status":"publish","type":"product","link":"https:\/\/tekno-stop.com\/en\/product\/asv-ba\/","title":{"rendered":"ASV-BA"},"content":{"rendered":"<p>[vc_row][vc_column][vc_custom_heading text=&#8221;ASV-BA&#8221; font_container=&#8221;tag:h1|font_size:65|text_align:left&#8221; use_theme_fonts=&#8221;yes&#8221;][vc_empty_space height=&#8221;15px&#8221;][vc_custom_heading text=&#8221;BORU ASKISI&#8221; font_container=&#8221;tag:h5|text_align:left&#8221; use_theme_fonts=&#8221;yes&#8221;][\/vc_column][\/vc_row][vc_row][vc_column width=&#8221;1\/2&#8243;][vc_single_image image=&#8221;7207&#8243; img_size=&#8221;full&#8221;]<a class=\"button button-normal grey_light full-true medium rounded icon-true animate-false anim-type-ghost hover-opacity element-animate-false\" href=\"https:\/\/tekno-stop.com\/wp-content\/uploads\/2022\/12\/ASV-BA%20katalog%20sayfasi.pdf\" target=\"_self\" data-effect=\"none\"><span class=\"btn-icon icon-file-pdf\"><\/span><span class=\"txt\">Teknik Dok\u00fcman\u0131 \u0130ndirin<\/span><\/a>[\/vc_column][vc_column width=&#8221;1\/2&#8243;][vc_row_inner][vc_column_inner][vc_custom_heading text=&#8221;Tan\u0131m&#8221; font_container=&#8221;tag:h3|text_align:left&#8221; use_theme_fonts=&#8221;yes&#8221;][vc_column_text]<\/p>\n<p class=\"p1\">Sualt\u0131, suu\u0308stu\u0308 muharip platformlar ile di\u011fer denizcilik ve kara uygulamalar\u0131nda, i\u00e7inden bas\u0131n\u00e7l\u0131 ak\u0131\u015fkan ge\u00e7en borular\u0131n yataklanmas\u0131 i\u00e7in kullan\u0131lan ask\u0131lard\u0131r. Uygulamadaki ihtiya\u00e7lar\u0131 kar\u015f\u0131lamak u\u0308zere 9 ayr\u0131 \u00e7apta u\u0308retilmektedir.<\/p>\n<p>[\/vc_column_text][vc_separator][vc_custom_heading text=&#8221;Malzeme&#8221; font_container=&#8221;tag:h3|text_align:left&#8221; use_theme_fonts=&#8221;yes&#8221;][vc_column_text]<\/p>\n<p class=\"p1\"><strong>Elastomer Yay\u00a0<\/strong><\/p>\n<p class=\"p1\">Tabii Kau\u00e7uk-NR<\/p>\n<p class=\"p1\"><strong>Metal Komponentler<\/strong><\/p>\n<p class=\"p1\">Paslanmaz Sac 316 L<\/p>\n<p class=\"p1\"><strong>Kaplama<\/strong><\/p>\n<p class=\"p1\">Zn-Ni 10~12\u03bc<\/p>\n<p class=\"p1\"><strong>A\u011f\u0131rl\u0131k:<\/strong> 1,25 kg<\/p>\n<p>[\/vc_column_text][vc_separator][vc_custom_heading text=&#8221;Dayan\u0131m&#8221; font_container=&#8221;tag:h3|text_align:left&#8221; use_theme_fonts=&#8221;yes&#8221;][vc_column_text]<\/p>\n<p class=\"p1\">\u00c7al\u0131\u015fma S\u0131cakl\u0131\u011f\u0131: -30\u00b0 C \/ +70\u00b0 C<\/p>\n<p>[\/vc_column_text][vc_separator][\/vc_column_inner][\/vc_row_inner][\/vc_column][\/vc_row][vc_row][vc_column width=&#8221;4\/6&#8243;][vc_custom_heading text=&#8221;Fiziksel \u00d6zellikler&#8221; font_container=&#8221;tag:h3|text_align:left&#8221; use_theme_fonts=&#8221;yes&#8221;]<div class='gap nz-clearfix' style='height:25px'>&nbsp;<\/div>[vc_column_text]<\/p>\n<p>&nbsp;<\/p>\n<table class=\"nz-table aligncenter\">\n<thead style=\"color: 2;\">\n<tr>\n<th>DN<\/th>\n<th>Boru \u00c7ap\u0131<\/th>\n<th>A<\/th>\n<th>E<\/th>\n<th>F<\/th>\n<th>B<\/th>\n<th>\u00d8D<\/th>\n<th>C<\/th>\n<\/tr>\n<\/thead>\n<tbody>\n<tr>\n<td>10<\/td>\n<td>10<\/td>\n<td>60,3<\/td>\n<td>21,5<\/td>\n<td>9,5<\/td>\n<td>43,0<\/td>\n<td>7,0<\/td>\n<td>37,6<\/td>\n<\/tr>\n<tr>\n<td>15<\/td>\n<td>15<\/td>\n<td>73,0<\/td>\n<td>32,0<\/td>\n<td>15,0<\/td>\n<td>54,0<\/td>\n<td>7,0<\/td>\n<td>37,6<\/td>\n<\/tr>\n<tr>\n<td>20<\/td>\n<td>20<\/td>\n<td>87,5<\/td>\n<td>42,5<\/td>\n<td>20,0<\/td>\n<td>65,0<\/td>\n<td>9,0<\/td>\n<td>37,6<\/td>\n<\/tr>\n<tr>\n<td>25<\/td>\n<td>25<\/td>\n<td>98,0<\/td>\n<td>52,5<\/td>\n<td>25,0<\/td>\n<td>76,0<\/td>\n<td>9,0<\/td>\n<td>37,6<\/td>\n<\/tr>\n<tr>\n<td>32<\/td>\n<td>32<\/td>\n<td>117,0<\/td>\n<td>68,0<\/td>\n<td>32,8<\/td>\n<td>95,0<\/td>\n<td>11,0<\/td>\n<td>37,6<\/td>\n<\/tr>\n<tr>\n<td>40<\/td>\n<td>40<\/td>\n<td>134,0<\/td>\n<td>85,0<\/td>\n<td>41,3<\/td>\n<td>112,0<\/td>\n<td>11,0<\/td>\n<td>37,6<\/td>\n<\/tr>\n<tr>\n<td>50<\/td>\n<td>50<\/td>\n<td>155,0<\/td>\n<td>106,5<\/td>\n<td>52,0<\/td>\n<td>132,0<\/td>\n<td>11,0<\/td>\n<td>37,6<\/td>\n<\/tr>\n<tr>\n<td>70<\/td>\n<td>70<\/td>\n<td>197,8<\/td>\n<td>150,8<\/td>\n<td>73,4<\/td>\n<td>175,0<\/td>\n<td>11,0<\/td>\n<td>41,0<\/td>\n<\/tr>\n<tr>\n<td>100<\/td>\n<td>100<\/td>\n<td>272,5<\/td>\n<td>214,5<\/td>\n<td>105,3<\/td>\n<td>246,5<\/td>\n<td>13,0<\/td>\n<td>51,5<\/td>\n<\/tr>\n<tr>\n<td>125<\/td>\n<td>125<\/td>\n<td>325,6<\/td>\n<td>267,6<\/td>\n<td>131,8<\/td>\n<td>299,6<\/td>\n<td>13,0<\/td>\n<td>51,5<\/td>\n<\/tr>\n<tr>\n<td>150<\/td>\n<td>150<\/td>\n<td>378,8<\/td>\n<td>320,8<\/td>\n<td>158,4<\/td>\n<td>352,8<\/td>\n<td>13,0<\/td>\n<td>51,5<\/td>\n<\/tr>\n<\/tbody>\n<\/table>\n<p class=\"p1\">Birimler mm cinsindedir<\/p>\n<p>[\/vc_column_text][\/vc_column][vc_column width=&#8221;2\/6&#8243;][vc_custom_heading text=&#8221;Boyutlar&#8221; font_container=&#8221;tag:h3|text_align:left&#8221; use_theme_fonts=&#8221;yes&#8221;]<div class='gap nz-clearfix' style='height:25px'>&nbsp;<\/div>[vc_single_image image=&#8221;7438&#8243; img_size=&#8221;full&#8221; onclick=&#8221;link_image&#8221;][\/vc_column][\/vc_row][vc_row][vc_column][vc_custom_heading text=&#8221;Sipari\u015f Kodu&#8221; font_container=&#8221;tag:h3|text_align:left&#8221; use_theme_fonts=&#8221;yes&#8221;][vc_single_image image=&#8221;8129&#8243; img_size=&#8221;full&#8221; onclick=&#8221;link_image&#8221;][\/vc_column][\/vc_row][vc_row full_width=&#8221;true&#8221; padding_top=&#8221;0&#8243; padding_bottom=&#8221;0&#8243;][vc_column margin_b=&#8221;false&#8221;]<div id=\"nz-tagline-1\" style=\"background-color:#d1332e;\" class=\"nz-tagline\"><div class=\"container nz-clearfix\"><span style=\"color:#ffffff;\" class=\"tagline-icon icon-cart\"><\/span><span class=\"tagline-title\" style=color:#ffffff !important;>S\u0130PAR\u0130\u015e VEYA TEKN\u0130K DESTEK \u0130\u00c7\u0130N TIKLAYINIZ<\/span><a class=\"button button-normal white square icon-true full-false medium animate-false anim-type-ghost hover-fill\" href=\"http:\/\/tekno-stop.com\/siparis-talep-formu\/\"><span class=\"txt\">FORMA G\u0130T<\/span><span class=\"btn-icon icon-info\"><\/span><\/a><\/div><\/div>[\/vc_column][\/vc_row]<\/p>\n","protected":false},"excerpt":{"rendered":"<p>[vc_row][vc_column][vc_custom_heading text=&#8221;ASV-BA&#8221; font_container=&#8221;tag:h1|font_size:65|text_align:left&#8221; use_theme_fonts=&#8221;yes&#8221;][vc_empty_space height=&#8221;15px&#8221;][vc_custom_heading text=&#8221;BORU ASKISI&#8221; font_container=&#8221;tag:h5|text_align:left&#8221; use_theme_fonts=&#8221;yes&#8221;][\/vc_column][\/vc_row][vc_row][vc_column width=&#8221;1\/2&#8243;][vc_single_image image=&#8221;7207&#8243; img_size=&#8221;full&#8221;][\/vc_column][vc_column width=&#8221;1\/2&#8243;][vc_row_inner][vc_column_inner][vc_custom_heading text=&#8221;Tan\u0131m&#8221; font_container=&#8221;tag:h3|text_align:left&#8221; use_theme_fonts=&#8221;yes&#8221;][vc_column_text] Sualt\u0131, suu\u0308stu\u0308 muharip platformlar ile di\u011fer denizcilik ve kara uygulamalar\u0131nda, i\u00e7inden bas\u0131n\u00e7l\u0131 ak\u0131\u015fkan ge\u00e7en borular\u0131n yataklanmas\u0131 i\u00e7in kullan\u0131lan ask\u0131lard\u0131r. Uygulamadaki ihtiya\u00e7lar\u0131 kar\u015f\u0131lamak u\u0308zere 9 ayr\u0131 \u00e7apta u\u0308retilmektedir. [\/vc_column_text][vc_separator][vc_custom_heading text=&#8221;Malzeme&#8221; font_container=&#8221;tag:h3|text_align:left&#8221; use_theme_fonts=&#8221;yes&#8221;][vc_column_text] Elastomer Yay\u00a0 Tabii Kau\u00e7uk-NR Metal Komponentler Paslanmaz Sac [&hellip;]<\/p>\n","protected":false},"featured_media":7207,"comment_status":"open","ping_status":"closed","template":"","meta":[],"product_cat":[86],"product_tag":[],"aioseo_notices":[],"_links":{"self":[{"href":"https:\/\/tekno-stop.com\/en\/wp-json\/wp\/v2\/product\/7206"}],"collection":[{"href":"https:\/\/tekno-stop.com\/en\/wp-json\/wp\/v2\/product"}],"about":[{"href":"https:\/\/tekno-stop.com\/en\/wp-json\/wp\/v2\/types\/product"}],"replies":[{"embeddable":true,"href":"https:\/\/tekno-stop.com\/en\/wp-json\/wp\/v2\/comments?post=7206"}],"wp:featuredmedia":[{"embeddable":true,"href":"https:\/\/tekno-stop.com\/en\/wp-json\/wp\/v2\/media\/7207"}],"wp:attachment":[{"href":"https:\/\/tekno-stop.com\/en\/wp-json\/wp\/v2\/media?parent=7206"}],"wp:term":[{"taxonomy":"product_cat","embeddable":true,"href":"https:\/\/tekno-stop.com\/en\/wp-json\/wp\/v2\/product_cat?post=7206"},{"taxonomy":"product_tag","embeddable":true,"href":"https:\/\/tekno-stop.com\/en\/wp-json\/wp\/v2\/product_tag?post=7206"}],"curies":[{"name":"wp","href":"https:\/\/api.w.org\/{rel}","templated":true}]}}