{"id":7231,"date":"2018-05-27T18:39:26","date_gmt":"2018-05-27T18:39:26","guid":{"rendered":"http:\/\/54.74.199.164\/?post_type=product&#038;p=7231"},"modified":"2025-06-09T13:33:00","modified_gmt":"2025-06-09T13:33:00","slug":"asv-w3408","status":"publish","type":"product","link":"https:\/\/tekno-stop.com\/en\/product\/asv-w3408\/","title":{"rendered":"ASV-W3408"},"content":{"rendered":"<p>[vc_row][vc_column][vc_custom_heading text=&#8221;ASV-W3408&#8243; font_container=&#8221;tag:h1|font_size:65|text_align:left&#8221; use_theme_fonts=&#8221;yes&#8221;][vc_empty_space height=&#8221;15px&#8221;][vc_custom_heading text=&#8221;\u00c7EL\u0130K HALAT T\u0130P T\u0130TRE\u015e\u0130M VE DARBE S\u00d6N\u00dcMLEND\u0130R\u0130C\u0130LER&#8221; font_container=&#8221;tag:h5|text_align:left&#8221; use_theme_fonts=&#8221;yes&#8221;][\/vc_column][\/vc_row][vc_row][vc_column width=&#8221;1\/2&#8243;][vc_single_image image=&#8221;7414&#8243; img_size=&#8221;full&#8221;]<a class=\"button button-normal grey_light full-false medium square animate-false anim-type-ghost hover-fill element-animate-false\" href=\"https:\/\/tekno-stop.com\/wp-content\/uploads\/2022\/12\/ASV-W3408%20katalog%20sayfasi.pdf\" target=\"_self\" data-effect=\"none\"><span class=\"txt\">Teknik D\u00f6k\u00fcman\u0131 \u0130ndirin<\/span><\/a>[\/vc_column][vc_column width=&#8221;1\/2&#8243;][vc_row_inner][vc_column_inner][vc_custom_heading text=&#8221;Tan\u0131m&#8221; font_container=&#8221;tag:h3|text_align:left&#8221; use_theme_fonts=&#8221;yes&#8221;][vc_column_text]<\/p>\n<p class=\"p1\">Sualt\u0131, su\u00fcst\u00fc muharip platformlar ile di\u011fer denizcilik ve kara uygulamalar\u0131nda, \u015fok ve vibrasyon yal\u0131t\u0131m\u0131 amac\u0131yla kullan\u0131lan s\u00f6n\u00fcmleyici ailesidir. Uygulamadaki ihtiya\u00e7lar\u0131 kar\u015f\u0131lamak \u00fczere 8 ayr\u0131 tipde \u00fcretilmektedir.<\/p>\n<p>[\/vc_column_text][vc_separator][vc_custom_heading text=&#8221;Malzeme&#8221; font_container=&#8221;tag:h3|text_align:left&#8221; use_theme_fonts=&#8221;yes&#8221;][vc_column_text]<\/p>\n<p class=\"p1\"><strong>\u00c7elik Halat<\/strong><\/p>\n<p class=\"p1\">AISI 316<\/p>\n<p class=\"p1\"><strong>Metal Komponentler<\/strong><\/p>\n<p class=\"p1\">St 37-2 \/ AISI 316L \/ Al 5083<\/p>\n<p class=\"p1\"><strong>Kaplama<\/strong><\/p>\n<p class=\"p1\">Zn-Ni 10~12\u03bc (for St 37-2)<\/p>\n<p>[\/vc_column_text][vc_separator][vc_custom_heading text=&#8221;Dayan\u0131m&#8221; font_container=&#8221;tag:h3|text_align:left&#8221; use_theme_fonts=&#8221;yes&#8221;][vc_column_text]<\/p>\n<p class=\"p1\">-30\u00b0 C \/ +140\u00b0 C<\/p>\n<p>[\/vc_column_text][vc_separator][\/vc_column_inner][\/vc_row_inner][\/vc_column][\/vc_row][vc_row][vc_column width=&#8221;1\/2&#8243;][vc_custom_heading text=&#8221;Boyutlar&#8221; font_container=&#8221;tag:h3|text_align:left&#8221; use_theme_fonts=&#8221;yes&#8221;][vc_single_image image=&#8221;7415&#8243; img_size=&#8221;full&#8221; onclick=&#8221;link_image&#8221;][vc_column_text]<\/p>\n<p class=\"p1\">Birimler mm cinsindedir \/ Units measured in mm<\/p>\n<p class=\"p1\">*Montaj delikleri aras\u0131 mesafe<\/p>\n<p class=\"p1\">** Montaj delik \u00e7ap\u0131<\/p>\n<p>[\/vc_column_text][\/vc_column][vc_column width=&#8221;1\/2&#8243;][vc_column_text]<\/p>\n<table class=\"nz-table aligncenter\">\n<thead style=\"color: 2;\">\n<tr>\n<th>Tip\/Type<\/th>\n<th>H (mm)<\/th>\n<th>W (mm)<\/th>\n<th>Weight (gr)<\/th>\n<th>Max Def (mm)<\/th>\n<\/tr>\n<\/thead>\n<tbody>\n<tr>\n<td>10<\/td>\n<td>48<\/td>\n<td>59<\/td>\n<td>647<\/td>\n<td>15<\/td>\n<\/tr>\n<tr>\n<td>20<\/td>\n<td>53<\/td>\n<td>64.5<\/td>\n<td>683<\/td>\n<td>21<\/td>\n<\/tr>\n<tr>\n<td>30<\/td>\n<td>58<\/td>\n<td>78<\/td>\n<td>720<\/td>\n<td>26<\/td>\n<\/tr>\n<tr>\n<td>40<\/td>\n<td>62.5<\/td>\n<td>81.5<\/td>\n<td>754<\/td>\n<td>30<\/td>\n<\/tr>\n<tr>\n<td>50<\/td>\n<td>67.5<\/td>\n<td>88.5<\/td>\n<td>789<\/td>\n<td>35<\/td>\n<\/tr>\n<tr>\n<td>60<\/td>\n<td>72.5<\/td>\n<td>96<\/td>\n<td>825<\/td>\n<td>40<\/td>\n<\/tr>\n<tr>\n<td>70<\/td>\n<td>77<\/td>\n<td>103.5<\/td>\n<td>860<\/td>\n<td>45<\/td>\n<\/tr>\n<tr>\n<td>80<\/td>\n<td>82<\/td>\n<td>111<\/td>\n<td>890<\/td>\n<td>50<\/td>\n<\/tr>\n<\/tbody>\n<\/table>\n<p>[\/vc_column_text][\/vc_column][\/vc_row][vc_row][vc_column][vc_custom_heading text=&#8221;Referans E\u011frileri&#8221; font_container=&#8221;tag:h3|text_align:left&#8221; use_theme_fonts=&#8221;yes&#8221;][vc_column_text]<style>\r\n  select option{\r\n    border-style:solid !important; position: relative !important; color:DimGray !important; font-size:14px !important; font-weight:bold !important;\r\n  }\r\n  <\/style>\r\n<select id=\"my_meta_box_select\" name=\"my_meta_box_select\" onchange=\"showChart(this.options[this.selectedIndex].value);\"\r\nstyle=\"border-style:solid !important; position: relative !important; color:DimGray !important; font-size:14px !important; font-weight:bold !important;\">\r\n  <option selected=\"selected\" value=\"chartdiv1\">EKSENEL \/ AXIAL<\/option>\r\n  <option value=\"chartdiv2\">YUVARLANMA \/ ROLL<\/option>\r\n  <option value=\"chartdiv3\">KESME \/ SHEAR<\/option>\r\n<\/select>\r\n<div id=\"chartdiv\" class=\"chartdiv\" style=\"max-width: 900px; margin: auto; display:absolute; \" >\r\n\t<div id=\"graphalert\" style=\"display: none; color:red !important; width: 200px; margin: auto;\r\n                            font-size : 18px; font-weight: bold; text-align: center !important;\" >\r\n\tEkran boyutunuz yeterli olmad\u0131\u011f\u0131 i\u00e7in grafik g\u00f6sterilememektedir!<\/div>\r\n\r\n<div id=\"chartdiv1\" class=\"chartdiv\" style=\"width: 100%; \r\n                         height: 1000px;\r\n                                            display: none;\r\n                         background-image:url('\/wp-content\/uploads\/2018\/03\/Logo_HD-15.png');\r\n                         background-repeat: no-repeat;\r\n                         background-size: 350px 70px;\r\n\t\t\t\t\t\t background-position: 31% 48%;\">  \r\n<\/div>\r\n<div id=\"chartdiv2\" class=\"chartdiv\" style=\"width: 100%; \r\n                         height: 1000px;\r\n                                            display: none;\r\n                         background-image:url('\/wp-content\/uploads\/2018\/03\/Logo_HD-15.png');\r\n                         background-repeat: no-repeat;\r\n                         background-size: 350px 70px;\r\n\t\t\t\t\t\t background-position: 31% 48%;\">  \r\n<\/div>\r\n<div id=\"chartdiv3\" class=\"chartdiv\" style=\"width: 100%; \r\n                         height: 1000px;\r\n                                            display: none;\r\n                         background-image:url('\/wp-content\/uploads\/2018\/03\/Logo_HD-15.png');\r\n                         background-repeat: no-repeat;\r\n                         background-size: 350px 70px;\r\n\t\t\t\t\t\t background-position: 31% 48%;\">  \r\n<\/div>\r\n  <\/div>[\/vc_column_text][vc_separator][vc_custom_heading text=&#8221;Uygulama&#8221; font_container=&#8221;tag:h3|text_align:left&#8221; use_theme_fonts=&#8221;yes&#8221;][vc_single_image image=&#8221;7399&#8243; img_size=&#8221;large&#8221; onclick=&#8221;link_image&#8221;][vc_separator][\/vc_column][\/vc_row][vc_row][vc_column width=&#8221;1\/2&#8243;][vc_custom_heading text=&#8221;Sipari\u015f Kodu&#8221; font_container=&#8221;tag:h3|text_align:left&#8221; use_theme_fonts=&#8221;yes&#8221;][vc_single_image image=&#8221;7930&#8243; img_size=&#8221;full&#8221; onclick=&#8221;link_image&#8221;][\/vc_column][vc_column width=&#8221;1\/2&#8243;][vc_custom_heading text=&#8221;Ba\u011flant\u0131 Detay\u0131&#8221; font_container=&#8221;tag:h3|text_align:left&#8221; use_theme_fonts=&#8221;yes&#8221;][vc_single_image image=&#8221;7417&#8243; img_size=&#8221;full&#8221; onclick=&#8221;link_image&#8221;][\/vc_column][\/vc_row][vc_row][vc_column][vc_single_image image=&#8221;8109&#8243; img_size=&#8221;full&#8221;][\/vc_column][\/vc_row][vc_row full_width=&#8221;true&#8221; padding_top=&#8221;0&#8243; padding_bottom=&#8221;0&#8243;][vc_column margin_b=&#8221;false&#8221;][vc_column_text]<div id=\"nz-tagline-1\" style=\"background-color:#d1332e;\" class=\"nz-tagline\"><div class=\"container nz-clearfix\"><span style=\"color:#ffffff;\" class=\"tagline-icon icon-cart\"><\/span><span class=\"tagline-title\" style=color:#ffffff !important;>S\u0130PAR\u0130\u015e VEYA TEKN\u0130K DESTEK \u0130\u00c7\u0130N TIKLAYINIZ<\/span><a class=\"button button-normal white square icon-true full-false medium animate-false anim-type-ghost hover-fill\" href=\"http:\/\/tekno-stop.com\/siparis-talep-formu\/\"><span class=\"txt\">FORMA G\u0130T<\/span><span class=\"btn-icon icon-info\"><\/span><\/a><\/div><\/div>[\/vc_column_text][\/vc_column][\/vc_row]<\/p>\n","protected":false},"excerpt":{"rendered":"<p>[vc_row][vc_column][vc_custom_heading text=&#8221;ASV-W3408&#8243; font_container=&#8221;tag:h1|font_size:65|text_align:left&#8221; use_theme_fonts=&#8221;yes&#8221;][vc_empty_space height=&#8221;15px&#8221;][vc_custom_heading text=&#8221;\u00c7EL\u0130K HALAT T\u0130P T\u0130TRE\u015e\u0130M VE DARBE S\u00d6N\u00dcMLEND\u0130R\u0130C\u0130LER&#8221; font_container=&#8221;tag:h5|text_align:left&#8221; use_theme_fonts=&#8221;yes&#8221;][\/vc_column][\/vc_row][vc_row][vc_column width=&#8221;1\/2&#8243;][vc_single_image image=&#8221;7414&#8243; img_size=&#8221;full&#8221;][\/vc_column][vc_column width=&#8221;1\/2&#8243;][vc_row_inner][vc_column_inner][vc_custom_heading text=&#8221;Tan\u0131m&#8221; font_container=&#8221;tag:h3|text_align:left&#8221; use_theme_fonts=&#8221;yes&#8221;][vc_column_text] Sualt\u0131, su\u00fcst\u00fc muharip platformlar ile di\u011fer denizcilik ve kara uygulamalar\u0131nda, \u015fok ve vibrasyon yal\u0131t\u0131m\u0131 amac\u0131yla kullan\u0131lan s\u00f6n\u00fcmleyici ailesidir. Uygulamadaki ihtiya\u00e7lar\u0131 kar\u015f\u0131lamak \u00fczere 8 ayr\u0131 tipde \u00fcretilmektedir. [\/vc_column_text][vc_separator][vc_custom_heading text=&#8221;Malzeme&#8221; font_container=&#8221;tag:h3|text_align:left&#8221; use_theme_fonts=&#8221;yes&#8221;][vc_column_text] \u00c7elik Halat AISI 316 [&hellip;]<\/p>\n","protected":false},"featured_media":7233,"comment_status":"open","ping_status":"closed","template":"","meta":[],"product_cat":[15,87],"product_tag":[],"aioseo_notices":[],"_links":{"self":[{"href":"https:\/\/tekno-stop.com\/en\/wp-json\/wp\/v2\/product\/7231"}],"collection":[{"href":"https:\/\/tekno-stop.com\/en\/wp-json\/wp\/v2\/product"}],"about":[{"href":"https:\/\/tekno-stop.com\/en\/wp-json\/wp\/v2\/types\/product"}],"replies":[{"embeddable":true,"href":"https:\/\/tekno-stop.com\/en\/wp-json\/wp\/v2\/comments?post=7231"}],"wp:featuredmedia":[{"embeddable":true,"href":"https:\/\/tekno-stop.com\/en\/wp-json\/wp\/v2\/media\/7233"}],"wp:attachment":[{"href":"https:\/\/tekno-stop.com\/en\/wp-json\/wp\/v2\/media?parent=7231"}],"wp:term":[{"taxonomy":"product_cat","embeddable":true,"href":"https:\/\/tekno-stop.com\/en\/wp-json\/wp\/v2\/product_cat?post=7231"},{"taxonomy":"product_tag","embeddable":true,"href":"https:\/\/tekno-stop.com\/en\/wp-json\/wp\/v2\/product_tag?post=7231"}],"curies":[{"name":"wp","href":"https:\/\/api.w.org\/{rel}","templated":true}]}}