{"id":7240,"date":"2018-05-27T18:45:58","date_gmt":"2018-05-27T18:45:58","guid":{"rendered":"http:\/\/54.74.199.164\/?post_type=product&#038;p=7240"},"modified":"2023-01-11T04:40:24","modified_gmt":"2023-01-11T04:40:24","slug":"asv-w4208","status":"publish","type":"product","link":"https:\/\/tekno-stop.com\/en\/product\/asv-w4208\/","title":{"rendered":"ASV-W4208"},"content":{"rendered":"<p>[vc_row][vc_column][vc_custom_heading text=&#8221;ASV-W4208&#8243; font_container=&#8221;tag:h1|font_size:65|text_align:left&#8221; use_theme_fonts=&#8221;yes&#8221;][vc_empty_space height=&#8221;15px&#8221;][vc_custom_heading text=&#8221;\u00c7EL\u0130K HALAT T\u0130P T\u0130TRE\u015e\u0130M VE DARBE S\u00d6N\u00dcMLEND\u0130R\u0130C\u0130LER&#8221; font_container=&#8221;tag:h5|text_align:left&#8221; use_theme_fonts=&#8221;yes&#8221;][\/vc_column][\/vc_row][vc_row][vc_column width=&#8221;1\/2&#8243;][vc_single_image image=&#8221;7243&#8243; img_size=&#8221;full&#8221;]<a class=\"button button-normal grey_light full-false medium square animate-false anim-type-ghost hover-fill element-animate-false\" href=\"https:\/\/tekno-stop.com\/wp-content\/uploads\/2022\/12\/ASV-W4208%20katalog%20sayfasi.pdf\" target=\"_self\" data-effect=\"none\"><span class=\"txt\">Teknik D\u00f6k\u00fcman\u0131 \u0130ndirin<\/span><\/a>[\/vc_column][vc_column width=&#8221;1\/2&#8243;][vc_row_inner][vc_column_inner][vc_custom_heading text=&#8221;Tan\u0131m&#8221; font_container=&#8221;tag:h3|text_align:left&#8221; use_theme_fonts=&#8221;yes&#8221;][vc_column_text]<\/p>\n<p class=\"p1\">Sualt\u0131, suu\u0308stu\u0308 muharip platformlar ile di\u011fer denizcilik ve kara uygulamalar\u0131nda, \u015fok ve vibrasyon yal\u0131t\u0131m\u0131 amac\u0131yla kullan\u0131lan s\u00f6nu\u0308mleyici ailesidir. Uygulamadaki ihtiya\u00e7lar\u0131 kar\u015f\u0131lamak u\u0308zere 6 ayr\u0131 tipde u\u0308retilmektedir.<\/p>\n<p>[\/vc_column_text][vc_separator][vc_custom_heading text=&#8221;Malzeme&#8221; font_container=&#8221;tag:h3|text_align:left&#8221; use_theme_fonts=&#8221;yes&#8221;][vc_column_text]<\/p>\n<p class=\"p1\"><strong>\u00c7elik Halat<\/strong><\/p>\n<p class=\"p1\">AISI 316<\/p>\n<p class=\"p1\"><strong>Metal Komponentler<\/strong><\/p>\n<p class=\"p1\">St 37-2 \/ AISI 316L \/ Al 5083<\/p>\n<p class=\"p1\"><strong>Kaplama<\/strong><\/p>\n<p class=\"p1\">Zn-Ni 10~12\u03bc (for St 37-2)<\/p>\n<p>[\/vc_column_text][vc_separator][vc_custom_heading text=&#8221;Dayan\u0131m&#8221; font_container=&#8221;tag:h3|text_align:left&#8221; use_theme_fonts=&#8221;yes&#8221;][vc_column_text]<\/p>\n<p class=\"p1\">-30\u00b0 C \/ +140\u00b0 C<\/p>\n<p>[\/vc_column_text][vc_separator][\/vc_column_inner][\/vc_row_inner][\/vc_column][\/vc_row][vc_row][vc_column width=&#8221;1\/2&#8243;][vc_custom_heading text=&#8221;Boyutlar&#8221; font_container=&#8221;tag:h3|text_align:left&#8221; use_theme_fonts=&#8221;yes&#8221;][vc_single_image image=&#8221;8121&#8243; img_size=&#8221;full&#8221; onclick=&#8221;link_image&#8221;][vc_column_text]<\/p>\n<p class=\"p1\">Birimler mm cinsindedir \/ Units measured in mm<\/p>\n<p class=\"p1\">*Montaj delikleri aras\u0131 mesafe<\/p>\n<p class=\"p1\">** Montaj delik \u00e7ap\u0131<\/p>\n<p>[\/vc_column_text][\/vc_column][vc_column width=&#8221;1\/2&#8243;][vc_column_text]<\/p>\n<table class=\"nz-table aligncenter\">\n<thead style=\"color: 2;\">\n<tr>\n<th>Tip\/Type<\/th>\n<th>H (mm)<\/th>\n<th>W (mm)<\/th>\n<th>Weight (gr)<\/th>\n<th>Max Def (mm)<\/th>\n<\/tr>\n<\/thead>\n<tbody>\n<tr>\n<td>10<\/td>\n<td>76<\/td>\n<td>92<\/td>\n<td>2110<\/td>\n<td>32<\/td>\n<\/tr>\n<tr>\n<td>20<\/td>\n<td>89<\/td>\n<td>105.5<\/td>\n<td>2140<\/td>\n<td>48<\/td>\n<\/tr>\n<tr>\n<td>30<\/td>\n<td>101.5<\/td>\n<td>119<\/td>\n<td>2180<\/td>\n<td>60<\/td>\n<\/tr>\n<tr>\n<td>40<\/td>\n<td>114.5<\/td>\n<td>132.5<\/td>\n<td>2200<\/td>\n<td>73<\/td>\n<\/tr>\n<tr>\n<td>50<\/td>\n<td>127.5<\/td>\n<td>145.5<\/td>\n<td>2216<\/td>\n<td>86<\/td>\n<\/tr>\n<tr>\n<td>60<\/td>\n<td>140.5<\/td>\n<td>159<\/td>\n<td>2250<\/td>\n<td>100<\/td>\n<\/tr>\n<tr>\n<td>70<\/td>\n<td>153<\/td>\n<td>172.5<\/td>\n<td>2275<\/td>\n<td>112<\/td>\n<\/tr>\n<tr>\n<td>80<\/td>\n<td>166<\/td>\n<td>186<\/td>\n<td>2325<\/td>\n<td>125<\/td>\n<\/tr>\n<\/tbody>\n<\/table>\n<p>[\/vc_column_text][\/vc_column][\/vc_row][vc_row][vc_column][vc_custom_heading text=&#8221;Referans E\u011frileri&#8221; font_container=&#8221;tag:h3|text_align:left&#8221; use_theme_fonts=&#8221;yes&#8221;][vc_column_text]<style>\r\n  select option{\r\n    border-style:solid !important; position: relative !important; color:DimGray !important; font-size:14px !important; font-weight:bold !important;\r\n  }\r\n  <\/style>\r\n<select id=\"my_meta_box_select\" name=\"my_meta_box_select\" onchange=\"showChart(this.options[this.selectedIndex].value);\"\r\nstyle=\"border-style:solid !important; position: relative !important; color:DimGray !important; font-size:14px !important; font-weight:bold !important;\">\r\n  <option selected=\"selected\" value=\"chartdiv1\">EKSENEL \/ AXIAL<\/option>\r\n  <option value=\"chartdiv2\">YUVARLANMA \/ ROLL<\/option>\r\n  <option value=\"chartdiv3\">KESME \/ SHEAR<\/option>\r\n<\/select>\r\n<div id=\"chartdiv\" class=\"chartdiv\" style=\"max-width: 900px; margin: auto; display:absolute; \" >\r\n\t<div id=\"graphalert\" style=\"display: none; color:red !important; width: 200px; margin: auto;\r\n                            font-size : 18px; font-weight: bold; text-align: center !important;\" >\r\n\tEkran boyutunuz yeterli olmad\u0131\u011f\u0131 i\u00e7in grafik g\u00f6sterilememektedir!<\/div>\r\n\r\n<div id=\"chartdiv1\" class=\"chartdiv\" style=\"width: 100%; \r\n                         height: 1000px;\r\n                                            display: none;\r\n                         background-image:url('\/wp-content\/uploads\/2018\/03\/Logo_HD-15.png');\r\n                         background-repeat: no-repeat;\r\n                         background-size: 350px 70px;\r\n\t\t\t\t\t\t background-position: 31% 48%;\">  \r\n<\/div>\r\n<div id=\"chartdiv2\" class=\"chartdiv\" style=\"width: 100%; \r\n                         height: 1000px;\r\n                                            display: none;\r\n                         background-image:url('\/wp-content\/uploads\/2018\/03\/Logo_HD-15.png');\r\n                         background-repeat: no-repeat;\r\n                         background-size: 350px 70px;\r\n\t\t\t\t\t\t background-position: 31% 48%;\">  \r\n<\/div>\r\n<div id=\"chartdiv3\" class=\"chartdiv\" style=\"width: 100%; \r\n                         height: 1000px;\r\n                                            display: none;\r\n                         background-image:url('\/wp-content\/uploads\/2018\/03\/Logo_HD-15.png');\r\n                         background-repeat: no-repeat;\r\n                         background-size: 350px 70px;\r\n\t\t\t\t\t\t background-position: 31% 48%;\">  \r\n<\/div>\r\n  <\/div>[\/vc_column_text][vc_separator][vc_custom_heading text=&#8221;Uygulama&#8221; font_container=&#8221;tag:h3|text_align:left&#8221; use_theme_fonts=&#8221;yes&#8221;][vc_single_image image=&#8221;7399&#8243; img_size=&#8221;large&#8221; onclick=&#8221;link_image&#8221;][vc_separator][\/vc_column][\/vc_row][vc_row][vc_column width=&#8221;1\/2&#8243;][vc_custom_heading text=&#8221;Sipari\u015f Kodu&#8221; font_container=&#8221;tag:h3|text_align:left&#8221; use_theme_fonts=&#8221;yes&#8221;][vc_single_image image=&#8221;7932&#8243; img_size=&#8221;full&#8221; onclick=&#8221;link_image&#8221;][\/vc_column][vc_column width=&#8221;1\/2&#8243;][vc_custom_heading text=&#8221;Ba\u011flant\u0131 Detay\u0131&#8221; font_container=&#8221;tag:h3|text_align:left&#8221; use_theme_fonts=&#8221;yes&#8221;][vc_single_image image=&#8221;8117&#8243; img_size=&#8221;full&#8221; onclick=&#8221;link_image&#8221;][\/vc_column][\/vc_row][vc_row][vc_column][vc_single_image image=&#8221;8119&#8243; img_size=&#8221;full&#8221;][\/vc_column][\/vc_row][vc_row full_width=&#8221;true&#8221; padding_top=&#8221;0&#8243; padding_bottom=&#8221;0&#8243;][vc_column margin_b=&#8221;false&#8221;][vc_column_text]<div id=\"nz-tagline-1\" style=\"background-color:#d1332e;\" class=\"nz-tagline\"><div class=\"container nz-clearfix\"><span style=\"color:#ffffff;\" class=\"tagline-icon icon-cart\"><\/span><span class=\"tagline-title\" style=color:#ffffff !important;>S\u0130PAR\u0130\u015e VEYA TEKN\u0130K DESTEK \u0130\u00c7\u0130N TIKLAYINIZ<\/span><a class=\"button button-normal white square icon-true full-false medium animate-false anim-type-ghost hover-fill\" href=\"http:\/\/tekno-stop.com\/siparis-talep-formu\/\"><span class=\"txt\">FORMA G\u0130T<\/span><span class=\"btn-icon icon-info\"><\/span><\/a><\/div><\/div>[\/vc_column_text][\/vc_column][\/vc_row]<\/p>\n","protected":false},"excerpt":{"rendered":"<p>[vc_row][vc_column][vc_custom_heading text=&#8221;ASV-W4208&#8243; font_container=&#8221;tag:h1|font_size:65|text_align:left&#8221; use_theme_fonts=&#8221;yes&#8221;][vc_empty_space height=&#8221;15px&#8221;][vc_custom_heading text=&#8221;\u00c7EL\u0130K HALAT T\u0130P T\u0130TRE\u015e\u0130M VE DARBE S\u00d6N\u00dcMLEND\u0130R\u0130C\u0130LER&#8221; font_container=&#8221;tag:h5|text_align:left&#8221; use_theme_fonts=&#8221;yes&#8221;][\/vc_column][\/vc_row][vc_row][vc_column width=&#8221;1\/2&#8243;][vc_single_image image=&#8221;7243&#8243; img_size=&#8221;full&#8221;][\/vc_column][vc_column width=&#8221;1\/2&#8243;][vc_row_inner][vc_column_inner][vc_custom_heading text=&#8221;Tan\u0131m&#8221; font_container=&#8221;tag:h3|text_align:left&#8221; use_theme_fonts=&#8221;yes&#8221;][vc_column_text] Sualt\u0131, suu\u0308stu\u0308 muharip platformlar ile di\u011fer denizcilik ve kara uygulamalar\u0131nda, \u015fok ve vibrasyon yal\u0131t\u0131m\u0131 amac\u0131yla kullan\u0131lan s\u00f6nu\u0308mleyici ailesidir. Uygulamadaki ihtiya\u00e7lar\u0131 kar\u015f\u0131lamak u\u0308zere 6 ayr\u0131 tipde u\u0308retilmektedir. [\/vc_column_text][vc_separator][vc_custom_heading text=&#8221;Malzeme&#8221; font_container=&#8221;tag:h3|text_align:left&#8221; use_theme_fonts=&#8221;yes&#8221;][vc_column_text] \u00c7elik Halat AISI 316 [&hellip;]<\/p>\n","protected":false},"featured_media":7243,"comment_status":"open","ping_status":"closed","template":"","meta":[],"product_cat":[87],"product_tag":[],"aioseo_notices":[],"_links":{"self":[{"href":"https:\/\/tekno-stop.com\/en\/wp-json\/wp\/v2\/product\/7240"}],"collection":[{"href":"https:\/\/tekno-stop.com\/en\/wp-json\/wp\/v2\/product"}],"about":[{"href":"https:\/\/tekno-stop.com\/en\/wp-json\/wp\/v2\/types\/product"}],"replies":[{"embeddable":true,"href":"https:\/\/tekno-stop.com\/en\/wp-json\/wp\/v2\/comments?post=7240"}],"wp:featuredmedia":[{"embeddable":true,"href":"https:\/\/tekno-stop.com\/en\/wp-json\/wp\/v2\/media\/7243"}],"wp:attachment":[{"href":"https:\/\/tekno-stop.com\/en\/wp-json\/wp\/v2\/media?parent=7240"}],"wp:term":[{"taxonomy":"product_cat","embeddable":true,"href":"https:\/\/tekno-stop.com\/en\/wp-json\/wp\/v2\/product_cat?post=7240"},{"taxonomy":"product_tag","embeddable":true,"href":"https:\/\/tekno-stop.com\/en\/wp-json\/wp\/v2\/product_tag?post=7240"}],"curies":[{"name":"wp","href":"https:\/\/api.w.org\/{rel}","templated":true}]}}