{"id":7244,"date":"2018-05-26T18:51:12","date_gmt":"2018-05-26T18:51:12","guid":{"rendered":"http:\/\/54.74.199.164\/?post_type=product&#038;p=7244"},"modified":"2025-06-03T12:54:31","modified_gmt":"2025-06-03T12:54:31","slug":"asv-c","status":"publish","type":"product","link":"https:\/\/tekno-stop.com\/en\/product\/asv-c\/","title":{"rendered":"ASV-C"},"content":{"rendered":"<p>[vc_row][vc_column][vc_custom_heading text=&#8221;ASV-C&#8221; font_container=&#8221;tag:h1|font_size:65|text_align:left&#8221; use_theme_fonts=&#8221;yes&#8221;][vc_empty_space height=&#8221;15px&#8221;][vc_custom_heading text=&#8221;KAU\u00c7UK METAL T\u0130P T\u0130TRE\u015e\u0130M VE DARBE S\u00d6N\u00dcMLEND\u0130R\u0130C\u0130LER&#8221; font_container=&#8221;tag:h5|text_align:left&#8221; use_theme_fonts=&#8221;yes&#8221;][\/vc_column][\/vc_row][vc_row][vc_column width=&#8221;1\/2&#8243;][vc_single_image image=&#8221;7245&#8243; img_size=&#8221;full&#8221;]<a class=\"button button-normal grey_light full-true medium rounded icon-true animate-false anim-type-ghost hover-opacity element-animate-false\" href=\"https:\/\/tekno-stop.com\/wp-content\/uploads\/2022\/12\/ASV-C%20katalog%20sayfasi.pdf\" target=\"_self\" data-effect=\"none\"><span class=\"btn-icon icon-file-pdf\"><\/span><span class=\"txt\">Teknik Dok\u00fcman\u0131 \u0130ndirin<\/span><\/a>[\/vc_column][vc_column width=&#8221;1\/2&#8243;][vc_row_inner][vc_column_inner][vc_custom_heading text=&#8221;Tan\u0131m&#8221; font_container=&#8221;tag:h3|text_align:left&#8221; use_theme_fonts=&#8221;yes&#8221;][vc_column_text]<\/p>\n<p class=\"p1\">Sualt\u0131, suu\u0308stu\u0308 muharip platformlar ile di\u011fer denizcilik ve kara uygulamalar\u0131nda, \u015fok ve vibrasyon yal\u0131t\u0131m\u0131 amac\u0131yla kullan\u0131lan s\u00f6nu\u0308mleyici ailesidir Uygulamadaki ihtiya\u00e7lar\u0131 kar\u015f\u0131lamak u\u0308zere 7 ayr\u0131 tipde u\u0308retilmektedir.<\/p>\n<p>[\/vc_column_text][vc_separator][vc_custom_heading text=&#8221;Malzeme&#8221; font_container=&#8221;tag:h3|text_align:left&#8221; use_theme_fonts=&#8221;yes&#8221;][vc_column_text]<\/p>\n<p class=\"p1\">Elastomer Yay<\/p>\n<p class=\"p1\">Tabii Kau\u00e7uk-NR<\/p>\n<p class=\"p1\"><strong>Metal Komponentler<\/strong><\/p>\n<table class=\"nz-table\" style=\"height: 122px;\" width=\"455\">\n<thead style=\"color: 3;\">\n<tr>\n<th>Standart<\/th>\n<th>Paslanmaz<\/th>\n<th>Alu\u0308minyum<\/th>\n<\/tr>\n<\/thead>\n<tbody>\n<tr>\n<td>AISI 1040<\/td>\n<td>AISI 316<\/td>\n<td>AlMg4,5Mn<\/td>\n<\/tr>\n<tr>\n<td>S622\/ S6224<\/td>\n<td><\/td>\n<td><\/td>\n<\/tr>\n<\/tbody>\n<\/table>\n<p class=\"p1\"><strong>Kaplama:<\/strong> Zn-Ni 10~12\u03bc<\/p>\n<p class=\"p1\"><strong>A\u011f\u0131rl\u0131k:<\/strong> 2,5 kg<\/p>\n<p>[\/vc_column_text][vc_separator][vc_custom_heading text=&#8221;Dayan\u0131m&#8221; font_container=&#8221;tag:h3|text_align:left&#8221; use_theme_fonts=&#8221;yes&#8221;][vc_column_text]<\/p>\n<p class=\"p1\">\u00c7al\u0131\u015fma S\u0131cakl\u0131\u011f\u0131: -30\u00b0 C \/ +70\u00b0 C<\/p>\n<p>[\/vc_column_text][vc_separator][\/vc_column_inner][\/vc_row_inner][\/vc_column][\/vc_row][vc_row][vc_column][vc_custom_heading text=&#8221;Boyutlar&#8221; font_container=&#8221;tag:h3|text_align:left&#8221; use_theme_fonts=&#8221;yes&#8221;]<div class='gap nz-clearfix' style='height:25px'>&nbsp;<\/div>[vc_single_image image=&#8221;7465&#8243; img_size=&#8221;full&#8221; onclick=&#8221;link_image&#8221;][vc_column_text]<\/p>\n<p class=\"p1\">Birimler mm cinsindedir<\/p>\n<p>[\/vc_column_text][\/vc_column][\/vc_row][vc_row][vc_column][vc_custom_heading text=&#8221;Referans E\u011frileri&#8221; font_container=&#8221;tag:h3|text_align:left&#8221; use_theme_fonts=&#8221;yes&#8221;][vc_column_text]<style>\r\n  select option{\r\n    border-style:solid !important; position: relative !important; color:DimGray !important; font-size:14px !important; font-weight:bold !important;\r\n  }\r\n  <\/style>\r\n<select id=\"my_meta_box_select\" name=\"my_meta_box_select\" onchange=\"showChart(this.options[this.selectedIndex].value);\"\r\nstyle=\"border-style:solid !important; position: relative !important; color:DimGray !important; font-size:14px !important; font-weight:bold !important;\">\r\n  <option selected=\"selected\" value=\"chartdiv1\">EKSENEL \/ AXIAL<\/option>\r\n  <option value=\"chartdiv2\">RADYAL \/ RADIAL<\/option>\r\n<\/select>\r\n<div id=\"chartdiv\" class=\"chartdiv\" style=\"max-width: 900px; margin: auto; display:absolute; \" >\r\n\t<div id=\"graphalert\" style=\"display: none; color:red !important; width: 200px; margin: auto;\r\n                            font-size : 18px; font-weight: bold; text-align: center !important;\" >\r\n\tEkran boyutunuz yeterli olmad\u0131\u011f\u0131 i\u00e7in grafik g\u00f6sterilememektedir!<\/div>\r\n\r\n<div id=\"chartdiv1\" class=\"chartdiv\" style=\"width: 100%; \r\n                         height: 1000px;\r\n                                            display: none;\r\n                         background-image:url('\/wp-content\/uploads\/2018\/03\/Logo_HD-15.png');\r\n                         background-repeat: no-repeat;\r\n                         background-size: 350px 70px;\r\n\t\t\t\t\t\t background-position: 31% 48%;\">  \r\n<\/div>\r\n<div id=\"chartdiv2\" class=\"chartdiv\" style=\"width: 100%; \r\n                         height: 1000px;\r\n                                            display: none;\r\n                         background-image:url('\/wp-content\/uploads\/2018\/03\/Logo_HD-15.png');\r\n                         background-repeat: no-repeat;\r\n                         background-size: 350px 70px;\r\n\t\t\t\t\t\t background-position: 31% 48%;\">  \r\n<\/div>\r\n  <\/div>[\/vc_column_text][vc_separator][vc_custom_heading text=&#8221;Uygulama&#8221; font_container=&#8221;tag:h3|text_align:left&#8221; use_theme_fonts=&#8221;yes&#8221;]<div class='gap nz-clearfix' style='height:25px'>&nbsp;<\/div>[vc_single_image image=&#8221;7441&#8243; img_size=&#8221;full&#8221; onclick=&#8221;link_image&#8221;][vc_separator][vc_custom_heading text=&#8221;Sipari\u015f Kodu&#8221; font_container=&#8221;tag:h3|text_align:left&#8221; use_theme_fonts=&#8221;yes&#8221;]<div class='gap nz-clearfix' style='height:25px'>&nbsp;<\/div>[vc_single_image image=&#8221;7464&#8243; img_size=&#8221;full&#8221; onclick=&#8221;link_image&#8221;][\/vc_column][\/vc_row][vc_row full_width=&#8221;true&#8221; padding_top=&#8221;0&#8243; padding_bottom=&#8221;0&#8243;][vc_column margin_b=&#8221;false&#8221;]<div id=\"nz-tagline-1\" style=\"background-color:#d1332e;\" class=\"nz-tagline\"><div class=\"container nz-clearfix\"><span style=\"color:#ffffff;\" class=\"tagline-icon icon-cart\"><\/span><span class=\"tagline-title\" style=color:#ffffff !important;>S\u0130PAR\u0130\u015e VEYA TEKN\u0130K DESTEK \u0130\u00c7\u0130N TIKLAYINIZ<\/span><a class=\"button button-normal white square icon-true full-false medium animate-false anim-type-ghost hover-fill\" href=\"http:\/\/tekno-stop.com\/siparis-talep-formu\/\"><span class=\"txt\">FORMA G\u0130T<\/span><span class=\"btn-icon icon-info\"><\/span><\/a><\/div><\/div>[\/vc_column][\/vc_row]<\/p>\n","protected":false},"excerpt":{"rendered":"<p>[vc_row][vc_column][vc_custom_heading text=&#8221;ASV-C&#8221; font_container=&#8221;tag:h1|font_size:65|text_align:left&#8221; use_theme_fonts=&#8221;yes&#8221;][vc_empty_space height=&#8221;15px&#8221;][vc_custom_heading text=&#8221;KAU\u00c7UK METAL T\u0130P T\u0130TRE\u015e\u0130M VE DARBE S\u00d6N\u00dcMLEND\u0130R\u0130C\u0130LER&#8221; font_container=&#8221;tag:h5|text_align:left&#8221; use_theme_fonts=&#8221;yes&#8221;][\/vc_column][\/vc_row][vc_row][vc_column width=&#8221;1\/2&#8243;][vc_single_image image=&#8221;7245&#8243; img_size=&#8221;full&#8221;][\/vc_column][vc_column width=&#8221;1\/2&#8243;][vc_row_inner][vc_column_inner][vc_custom_heading text=&#8221;Tan\u0131m&#8221; font_container=&#8221;tag:h3|text_align:left&#8221; use_theme_fonts=&#8221;yes&#8221;][vc_column_text] Sualt\u0131, suu\u0308stu\u0308 muharip platformlar ile di\u011fer denizcilik ve kara uygulamalar\u0131nda, \u015fok ve vibrasyon yal\u0131t\u0131m\u0131 amac\u0131yla kullan\u0131lan s\u00f6nu\u0308mleyici ailesidir Uygulamadaki ihtiya\u00e7lar\u0131 kar\u015f\u0131lamak u\u0308zere 7 ayr\u0131 tipde u\u0308retilmektedir. [\/vc_column_text][vc_separator][vc_custom_heading text=&#8221;Malzeme&#8221; font_container=&#8221;tag:h3|text_align:left&#8221; use_theme_fonts=&#8221;yes&#8221;][vc_column_text] Elastomer Yay Tabii Kau\u00e7uk-NR [&hellip;]<\/p>\n","protected":false},"featured_media":7469,"comment_status":"open","ping_status":"closed","template":"","meta":[],"product_cat":[84],"product_tag":[],"aioseo_notices":[],"_links":{"self":[{"href":"https:\/\/tekno-stop.com\/en\/wp-json\/wp\/v2\/product\/7244"}],"collection":[{"href":"https:\/\/tekno-stop.com\/en\/wp-json\/wp\/v2\/product"}],"about":[{"href":"https:\/\/tekno-stop.com\/en\/wp-json\/wp\/v2\/types\/product"}],"replies":[{"embeddable":true,"href":"https:\/\/tekno-stop.com\/en\/wp-json\/wp\/v2\/comments?post=7244"}],"wp:featuredmedia":[{"embeddable":true,"href":"https:\/\/tekno-stop.com\/en\/wp-json\/wp\/v2\/media\/7469"}],"wp:attachment":[{"href":"https:\/\/tekno-stop.com\/en\/wp-json\/wp\/v2\/media?parent=7244"}],"wp:term":[{"taxonomy":"product_cat","embeddable":true,"href":"https:\/\/tekno-stop.com\/en\/wp-json\/wp\/v2\/product_cat?post=7244"},{"taxonomy":"product_tag","embeddable":true,"href":"https:\/\/tekno-stop.com\/en\/wp-json\/wp\/v2\/product_tag?post=7244"}],"curies":[{"name":"wp","href":"https:\/\/api.w.org\/{rel}","templated":true}]}}