{"id":8019,"date":"2022-12-29T02:41:56","date_gmt":"2022-12-29T02:41:56","guid":{"rendered":"https:\/\/tekno-stop.com\/?post_type=product&#038;p=8019"},"modified":"2024-03-23T09:16:24","modified_gmt":"2024-03-23T09:16:24","slug":"asv-r","status":"publish","type":"product","link":"https:\/\/tekno-stop.com\/en\/product\/asv-r\/","title":{"rendered":"ASV-R"},"content":{"rendered":"<p>[vc_row][vc_column][vc_custom_heading text=&#8221;ASV-R&#8221; font_container=&#8221;tag:h1|font_size:65|text_align:left&#8221; use_theme_fonts=&#8221;yes&#8221;][vc_empty_space height=&#8221;15px&#8221;][vc_custom_heading text=&#8221;KAU\u00c7UK METAL T\u0130P T\u0130TRE\u015e\u0130M VE DARBE S\u00d6N\u00dcMLEND\u0130R\u0130C\u0130LER&#8221; font_container=&#8221;tag:h5|text_align:left&#8221; use_theme_fonts=&#8221;yes&#8221;][\/vc_column][\/vc_row][vc_row][vc_column width=&#8221;1\/2&#8243;][vc_single_image image=&#8221;8070&#8243; img_size=&#8221;full&#8221;]<a class=\"button button-normal grey_light full-true medium rounded icon-true animate-false anim-type-ghost hover-opacity element-animate-false\" href=\"https:\/\/tekno-stop.com\/wp-content\/uploads\/2022\/12\/ASV-R%20katalog%20sayfasi.pdf\" target=\"_self\" data-effect=\"none\"><span class=\"btn-icon icon-file-pdf\"><\/span><span class=\"txt\">Teknik Dok\u00fcman\u0131 \u0130ndirin<\/span><\/a>[\/vc_column][vc_column width=&#8221;1\/2&#8243;][vc_row_inner][vc_column_inner][vc_custom_heading text=&#8221;Tan\u0131m&#8221; font_container=&#8221;tag:h3|text_align:left&#8221; use_theme_fonts=&#8221;yes&#8221;][vc_column_text]<\/p>\n<p class=\"p1\" style=\"text-align: left;\">Sualt\u0131, su\u00fcst\u00fc muharip platformlar ile di\u011fer denizcilik uygulamalar\u0131nda, dizel Jenarat\u00f6r Setlerinde \u015fok ve vibrasyon yal\u0131t\u0131m\u0131 amac\u0131yla kullan\u0131lan s\u00f6n\u00fcmleyici<br \/>\nailesidir. Deniz \u015foklar\u0131 ve titre\u015fimleri sadece elektronik de\u011fil, ayn\u0131 zamanda mekanik ekipman i\u00e7in de b\u00fcy\u00fck problemlerdir. Tekno titre\u015fim \u00f6nleyici ve \u015fok takozlar\u0131, ekipman\u0131n\u0131z\u0131 ve sistemlerinizi deniz \u015foklar\u0131na ve titre\u015fimlerine kar\u015f\u0131 korur. Tekno titre\u015fim \u00f6nleme ve \u015fok montaj ailesi, eksiksiz bir y\u00fcksek sapmal\u0131 elastomerik montaj yelpazesi i\u00e7erir. Zorlu Deniz ortamlar\u0131nda \u00e7al\u0131\u015fmak \u00fczere tasarlanm\u0131\u015f \u00f6zel do\u011fal kau\u00e7uk ile ihtiya\u00e7lar\u0131n\u0131za g\u00f6re standart veya paslanmaz \u00e7elikten \u00f6zel olarak \u00fcretilmi\u015ftir.<br \/>\nUygulamadaki ihtiya\u00e7lar\u0131 kar\u015f\u0131lamak \u00fczere<br \/>\n2 ayr\u0131 tipde \u00fcretilmektedir.<\/p>\n<p>[\/vc_column_text][vc_separator][vc_custom_heading text=&#8221;Malzeme&#8221; font_container=&#8221;tag:h3|text_align:left&#8221; use_theme_fonts=&#8221;yes&#8221;][vc_column_text]<\/p>\n<p class=\"p1\">Elastomer Yay<\/p>\n<p class=\"p1\">Tabii Kau\u00e7uk-NR<\/p>\n<p class=\"p1\"><strong>Metal Komponentler<\/strong><\/p>\n<table class=\"nz-table\" style=\"height: 122px;\" width=\"455\">\n<thead style=\"color: 3;\">\n<tr>\n<th>Standart<\/th>\n<th>Paslanmaz<\/th>\n<th>Alu\u0308minyum<\/th>\n<\/tr>\n<\/thead>\n<tbody>\n<tr>\n<td>AISI 1040<\/td>\n<td>AISI 316<\/td>\n<td>AlMg4,5Mn<\/td>\n<\/tr>\n<tr>\n<td>DIN EN 10025-2 (2005-4)S235JR<\/td>\n<td><\/td>\n<td><\/td>\n<\/tr>\n<\/tbody>\n<\/table>\n<p class=\"p1\"><strong>Kaplama:<\/strong> Zn-Ni 10~12\u03bc<\/p>\n<p class=\"p1\"><strong>A\u011f\u0131rl\u0131k:<\/strong> 67 kg<\/p>\n<p>[\/vc_column_text][vc_separator][vc_custom_heading text=&#8221;Dayan\u0131m&#8221; font_container=&#8221;tag:h3|text_align:left&#8221; use_theme_fonts=&#8221;yes&#8221;][vc_column_text]<\/p>\n<p class=\"p1\">\u00c7al\u0131\u015fma S\u0131cakl\u0131\u011f\u0131: -30\u00b0 C \/ +70\u00b0 C<\/p>\n<p>[\/vc_column_text][vc_custom_heading text=&#8221;Maks. Kurs&#8221; font_container=&#8221;tag:h3|text_align:left&#8221; use_theme_fonts=&#8221;yes&#8221;][vc_column_text]<\/p>\n<p class=\"p1\">60 mm<\/p>\n<p>[\/vc_column_text][vc_separator][\/vc_column_inner][\/vc_row_inner][\/vc_column][\/vc_row][vc_row][vc_column][vc_custom_heading text=&#8221;Boyutlar&#8221; font_container=&#8221;tag:h3|text_align:left&#8221; use_theme_fonts=&#8221;yes&#8221;][vc_single_image image=&#8221;8081&#8243; img_size=&#8221;full&#8221; onclick=&#8221;link_image&#8221;][vc_column_text]<\/p>\n<p class=\"p1\">Birimler mm cinsindedir<\/p>\n<p>[\/vc_column_text][\/vc_column][\/vc_row][vc_row][vc_column][vc_column_text][\/vc_column_text][vc_separator][vc_custom_heading text=&#8221;Uygulama&#8221; font_container=&#8221;tag:h3|text_align:left&#8221; use_theme_fonts=&#8221;yes&#8221;]<div class='gap nz-clearfix' style='height:25px'>&nbsp;<\/div>[vc_single_image image=&#8221;7441&#8243; img_size=&#8221;full&#8221; onclick=&#8221;link_image&#8221;][vc_separator][vc_custom_heading text=&#8221;Sipari\u015f Kodu&#8221; font_container=&#8221;tag:h3|text_align:left&#8221; use_theme_fonts=&#8221;yes&#8221;][vc_single_image image=&#8221;8669&#8243; img_size=&#8221;full&#8221; onclick=&#8221;link_image&#8221;][\/vc_column][\/vc_row][vc_row full_width=&#8221;true&#8221; padding_top=&#8221;0&#8243; padding_bottom=&#8221;0&#8243;][vc_column margin_b=&#8221;false&#8221;]<div id=\"nz-tagline-1\" style=\"background-color:#d1332e;\" class=\"nz-tagline\"><div class=\"container nz-clearfix\"><span style=\"color:#ffffff;\" class=\"tagline-icon icon-cart\"><\/span><span class=\"tagline-title\" style=color:#ffffff !important;>S\u0130PAR\u0130\u015e VEYA TEKN\u0130K DESTEK \u0130\u00c7\u0130N TIKLAYINIZ<\/span><a class=\"button button-normal white square icon-true full-false medium animate-false anim-type-ghost hover-fill\" href=\"http:\/\/tekno-stop.com\/siparis-talep-formu\/\"><span class=\"txt\">FORMA G\u0130T<\/span><span class=\"btn-icon icon-info\"><\/span><\/a><\/div><\/div>[\/vc_column][\/vc_row]<\/p>\n","protected":false},"excerpt":{"rendered":"<p>[vc_row][vc_column][vc_custom_heading text=&#8221;ASV-R&#8221; font_container=&#8221;tag:h1|font_size:65|text_align:left&#8221; use_theme_fonts=&#8221;yes&#8221;][vc_empty_space height=&#8221;15px&#8221;][vc_custom_heading text=&#8221;KAU\u00c7UK METAL T\u0130P T\u0130TRE\u015e\u0130M VE DARBE S\u00d6N\u00dcMLEND\u0130R\u0130C\u0130LER&#8221; font_container=&#8221;tag:h5|text_align:left&#8221; use_theme_fonts=&#8221;yes&#8221;][\/vc_column][\/vc_row][vc_row][vc_column width=&#8221;1\/2&#8243;][vc_single_image image=&#8221;8070&#8243; img_size=&#8221;full&#8221;][\/vc_column][vc_column width=&#8221;1\/2&#8243;][vc_row_inner][vc_column_inner][vc_custom_heading text=&#8221;Tan\u0131m&#8221; font_container=&#8221;tag:h3|text_align:left&#8221; use_theme_fonts=&#8221;yes&#8221;][vc_column_text] Sualt\u0131, su\u00fcst\u00fc muharip platformlar ile di\u011fer denizcilik uygulamalar\u0131nda, dizel Jenarat\u00f6r Setlerinde \u015fok ve vibrasyon yal\u0131t\u0131m\u0131 amac\u0131yla kullan\u0131lan s\u00f6n\u00fcmleyici ailesidir. Deniz \u015foklar\u0131 ve titre\u015fimleri sadece elektronik de\u011fil, ayn\u0131 zamanda mekanik ekipman i\u00e7in de b\u00fcy\u00fck problemlerdir. [&hellip;]<\/p>\n","protected":false},"featured_media":8076,"comment_status":"open","ping_status":"closed","template":"","meta":[],"product_cat":[84],"product_tag":[],"aioseo_notices":[],"_links":{"self":[{"href":"https:\/\/tekno-stop.com\/en\/wp-json\/wp\/v2\/product\/8019"}],"collection":[{"href":"https:\/\/tekno-stop.com\/en\/wp-json\/wp\/v2\/product"}],"about":[{"href":"https:\/\/tekno-stop.com\/en\/wp-json\/wp\/v2\/types\/product"}],"replies":[{"embeddable":true,"href":"https:\/\/tekno-stop.com\/en\/wp-json\/wp\/v2\/comments?post=8019"}],"wp:featuredmedia":[{"embeddable":true,"href":"https:\/\/tekno-stop.com\/en\/wp-json\/wp\/v2\/media\/8076"}],"wp:attachment":[{"href":"https:\/\/tekno-stop.com\/en\/wp-json\/wp\/v2\/media?parent=8019"}],"wp:term":[{"taxonomy":"product_cat","embeddable":true,"href":"https:\/\/tekno-stop.com\/en\/wp-json\/wp\/v2\/product_cat?post=8019"},{"taxonomy":"product_tag","embeddable":true,"href":"https:\/\/tekno-stop.com\/en\/wp-json\/wp\/v2\/product_tag?post=8019"}],"curies":[{"name":"wp","href":"https:\/\/api.w.org\/{rel}","templated":true}]}}